{"id":64,"date":"2016-01-15T12:42:20","date_gmt":"2016-01-15T11:42:20","guid":{"rendered":"http:\/\/biotopia.springer-uefa.de\/?page_id=64"},"modified":"2024-01-09T10:18:28","modified_gmt":"2024-01-09T09:18:28","slug":"leitbild","status":"publish","type":"page","link":"https:\/\/biotopia.springer.schule\/?page_id=64","title":{"rendered":"Leitbild"},"content":{"rendered":"<ul>\n<li>Wir sind eine umweltbewusste \u00dcbungsfirma in Deutschland, die mit Bio- und Fairtrade-Produkten handelt.<\/li>\n<li>Unser Ziel ist es eine erfolgreiche und bekannte \u00dcbungsfirma zu werden, die mit ihren Bioprodukten mehr Sinnvolles f\u00fcr Mensch und Erde erm\u00f6glicht.<\/li>\n<li>Uns liegt es am Herzen, dass mehr biologische Erzeugnisse ihren Weg zu unseren Kunden findenn<\/li>\n<li>Wir sind ein junges motiviertes Team und pflegen einen wertsch\u00e4tzenden Umgang mit Kunden und Kollegen. Uns ist es wichtig als Team zusammen zu arbeiten und jedem Kollegen Wertsch\u00e4tzung und Achtung zu zeigen, denn das ist die Basis f\u00fcr ein gutes Arbeitsverh\u00e4ltnis.<\/li>\n<li>In unserer \u00dcbungsfirma erhalten Sch\u00fcler die M\u00f6glichkeit ihre erlernten Kenntnisse und F\u00e4higkeiten in den verschiedenen Fachbereichen praktisch anzuwenden.<\/li>\n<li>Unsere Kunden liegen uns sehr am Herzen, denn der Kunde ist K\u00f6nig der unser Betrieb am Leben h\u00e4lt. Deshalb versprechen wir eine gute und zuverl\u00e4ssige Zusammenarbeit mit jedem Kunden.<\/li>\n<\/ul>\n<p><img loading=\"lazy\" decoding=\"async\" class=\"aligncenter size-full wp-image-798\" src=\"https:\/\/biotopia.springer.schule\/wp-content\/uploads\/2018\/05\/biotopia.jpg\" alt=\"\" width=\"300\" height=\"79\" \/><\/p>\n","protected":false},"excerpt":{"rendered":"<p>Wir sind eine umweltbewusste \u00dcbungsfirma in Deutschland, die mit Bio- und Fairtrade-Produkten handelt. Unser Ziel ist es eine erfolgreiche und bekannte \u00dcbungsfirma zu werden, die mit ihren Bioprodukten mehr Sinnvolles f\u00fcr Mensch und Erde erm\u00f6glicht. Uns liegt es am Herzen, dass mehr biologische Erzeugnisse ihren Weg zu unseren Kunden findenn Wir sind ein junges motiviertes [&hellip;]<\/p>\n","protected":false},"author":1,"featured_media":0,"parent":0,"menu_order":0,"comment_status":"closed","ping_status":"closed","template":"","meta":{"footnotes":""},"class_list":["post-64","page","type-page","status-publish","hentry"],"_links":{"self":[{"href":"https:\/\/biotopia.springer.schule\/index.php?rest_route=\/wp\/v2\/pages\/64","targetHints":{"allow":["GET"]}}],"collection":[{"href":"https:\/\/biotopia.springer.schule\/index.php?rest_route=\/wp\/v2\/pages"}],"about":[{"href":"https:\/\/biotopia.springer.schule\/index.php?rest_route=\/wp\/v2\/types\/page"}],"author":[{"embeddable":true,"href":"https:\/\/biotopia.springer.schule\/index.php?rest_route=\/wp\/v2\/users\/1"}],"replies":[{"embeddable":true,"href":"https:\/\/biotopia.springer.schule\/index.php?rest_route=%2Fwp%2Fv2%2Fcomments&post=64"}],"version-history":[{"count":7,"href":"https:\/\/biotopia.springer.schule\/index.php?rest_route=\/wp\/v2\/pages\/64\/revisions"}],"predecessor-version":[{"id":2632,"href":"https:\/\/biotopia.springer.schule\/index.php?rest_route=\/wp\/v2\/pages\/64\/revisions\/2632"}],"wp:attachment":[{"href":"https:\/\/biotopia.springer.schule\/index.php?rest_route=%2Fwp%2Fv2%2Fmedia&parent=64"}],"curies":[{"name":"wp","href":"https:\/\/api.w.org\/{rel}","templated":true}]}}