{"id":86,"date":"2016-01-18T21:44:52","date_gmt":"2016-01-18T20:44:52","guid":{"rendered":"http:\/\/biotopia.springer-uefa.de\/?page_id=86"},"modified":"2024-01-09T10:19:28","modified_gmt":"2024-01-09T09:19:28","slug":"ueber-uns","status":"publish","type":"page","link":"https:\/\/biotopia.springer.schule\/?page_id=86","title":{"rendered":"\u00dcber Uns"},"content":{"rendered":"<p>Unser Leitbild<\/p>\n<p><a href=\"https:\/\/biotopia.springer.schule\/wp-content\/uploads\/2021\/06\/Leitbild-4.png\"><img loading=\"lazy\" decoding=\"async\" class=\"wp-image-1644 size-full aligncenter\" src=\"https:\/\/biotopia.springer.schule\/wp-content\/uploads\/2021\/06\/Leitbild-4.png\" alt=\"\" width=\"548\" height=\"778\" srcset=\"https:\/\/biotopia.springer.schule\/wp-content\/uploads\/2021\/06\/Leitbild-4.png 548w, https:\/\/biotopia.springer.schule\/wp-content\/uploads\/2021\/06\/Leitbild-4-211x300.png 211w, https:\/\/biotopia.springer.schule\/wp-content\/uploads\/2021\/06\/Leitbild-4-416x591.png 416w\" sizes=\"auto, (max-width: 548px) 100vw, 548px\" \/><\/a><\/p>\n<p><span style=\"color: #ff0000;\">&nbsp;<\/span><\/p>\n\n\n<p><strong><u>Unsere 10 Verhaltensregeln:<\/u><\/strong><\/p>\n\n\n\n<p><strong>01. Gute Arbeitsatmosph\u00e4re<\/strong><\/p>\n\n\n\n<p><strong>02. Respekt gegen\u00fcber den anderen Kollegen<\/strong><\/p>\n\n\n\n<p><strong>03. Hilfsbereitschaft (sich gegenseitig helfen und Ratschl\u00e4ge geben)<\/strong><\/p>\n\n\n\n<p><strong>04. Produktivit\u00e4t (die Aufgaben gut einteilen und aufgaben die heute erledigt werden m\u00fcssen als erstes erledigen)<\/strong><\/p>\n\n\n\n<p><strong>05. Teamwork (sich gegenseitig helfen und bei Problemen auch gemeinsam &nbsp;&nbsp;&nbsp;l\u00f6sen)<\/strong><\/p>\n\n\n\n<p><strong>06. Disziplin<\/strong><\/p>\n\n\n\n<p><strong>07. P\u00fcnktlichkeit (p\u00fcnktlich zum Schichtanfang da sein um die maximale Arbeitszeit zu haben)<\/strong><\/p>\n\n\n\n<p><strong>08. Ehrlichkeit<\/strong><\/p>\n\n\n\n<p><strong>09. Aufmerksam<\/strong><\/p>\n\n\n\n<p><strong>10. Verl\u00e4sslichkeit (Bsp. sich auf die andere Schicht verlassen zu k\u00f6nnen das sie aufgaben fertigstellen und so viel erledigen wie sie hinbekommen)<\/strong><\/p>\n\n\n\n<p><\/p>\n\n\n\n<figure class=\"wp-block-image size-large\"><a href=\"https:\/\/biotopia.springer.schule\/wp-content\/uploads\/2024\/01\/Logo-der-Biotopia.jpg\"><img loading=\"lazy\" decoding=\"async\" width=\"1024\" height=\"269\" src=\"https:\/\/biotopia.springer.schule\/wp-content\/uploads\/2024\/01\/Logo-der-Biotopia-1024x269.jpg\" alt=\"\" class=\"wp-image-2633\" srcset=\"https:\/\/biotopia.springer.schule\/wp-content\/uploads\/2024\/01\/Logo-der-Biotopia-1024x269.jpg 1024w, https:\/\/biotopia.springer.schule\/wp-content\/uploads\/2024\/01\/Logo-der-Biotopia-300x79.jpg 300w, https:\/\/biotopia.springer.schule\/wp-content\/uploads\/2024\/01\/Logo-der-Biotopia-768x202.jpg 768w, https:\/\/biotopia.springer.schule\/wp-content\/uploads\/2024\/01\/Logo-der-Biotopia-1536x403.jpg 1536w, https:\/\/biotopia.springer.schule\/wp-content\/uploads\/2024\/01\/Logo-der-Biotopia-416x109.jpg 416w, https:\/\/biotopia.springer.schule\/wp-content\/uploads\/2024\/01\/Logo-der-Biotopia.jpg 1962w\" sizes=\"auto, (max-width: 1024px) 100vw, 1024px\" \/><\/a><\/figure>\n","protected":false},"excerpt":{"rendered":"<p>Unser Leitbild &nbsp; Unsere 10 Verhaltensregeln: 01. Gute Arbeitsatmosph\u00e4re 02. Respekt gegen\u00fcber den anderen Kollegen 03. Hilfsbereitschaft (sich gegenseitig helfen und Ratschl\u00e4ge geben) 04. Produktivit\u00e4t (die Aufgaben gut einteilen und aufgaben die heute erledigt werden m\u00fcssen als erstes erledigen) 05. Teamwork (sich gegenseitig helfen und bei Problemen auch gemeinsam &nbsp;&nbsp;&nbsp;l\u00f6sen) 06. Disziplin 07. P\u00fcnktlichkeit (p\u00fcnktlich [&hellip;]<\/p>\n","protected":false},"author":7,"featured_media":0,"parent":0,"menu_order":3,"comment_status":"closed","ping_status":"closed","template":"","meta":{"footnotes":""},"class_list":["post-86","page","type-page","status-publish","hentry"],"_links":{"self":[{"href":"https:\/\/biotopia.springer.schule\/index.php?rest_route=\/wp\/v2\/pages\/86","targetHints":{"allow":["GET"]}}],"collection":[{"href":"https:\/\/biotopia.springer.schule\/index.php?rest_route=\/wp\/v2\/pages"}],"about":[{"href":"https:\/\/biotopia.springer.schule\/index.php?rest_route=\/wp\/v2\/types\/page"}],"author":[{"embeddable":true,"href":"https:\/\/biotopia.springer.schule\/index.php?rest_route=\/wp\/v2\/users\/7"}],"replies":[{"embeddable":true,"href":"https:\/\/biotopia.springer.schule\/index.php?rest_route=%2Fwp%2Fv2%2Fcomments&post=86"}],"version-history":[{"count":13,"href":"https:\/\/biotopia.springer.schule\/index.php?rest_route=\/wp\/v2\/pages\/86\/revisions"}],"predecessor-version":[{"id":2634,"href":"https:\/\/biotopia.springer.schule\/index.php?rest_route=\/wp\/v2\/pages\/86\/revisions\/2634"}],"wp:attachment":[{"href":"https:\/\/biotopia.springer.schule\/index.php?rest_route=%2Fwp%2Fv2%2Fmedia&parent=86"}],"curies":[{"name":"wp","href":"https:\/\/api.w.org\/{rel}","templated":true}]}}