{"id":95,"date":"2016-01-18T22:20:42","date_gmt":"2016-01-18T21:20:42","guid":{"rendered":"http:\/\/biotopia.springer-uefa.de\/?page_id=95"},"modified":"2018-07-17T08:42:49","modified_gmt":"2018-07-17T06:42:49","slug":"partner","status":"publish","type":"page","link":"https:\/\/biotopia.springer.schule\/?page_id=95","title":{"rendered":"Unsere Partner"},"content":{"rendered":"<p>Eine \u00dcbungsfirma ben\u00f6tigt Partner aus dem realen Wirtschaftsleben. Unsere \u00dcbungsfirma handelt mit Bio-Produkten und Fair-Trade-Artikenl. Zudem m\u00f6chten wir unseren Sch\u00fclerinnen und Sch\u00fclern einen Einblick hinter die Kulissen des Einzel- und Gro\u00dfhandels bieten. Folgende Unternehmen unterst\u00fctzen uns bei unserem Bildungsauftrage:<\/p>\n<h3 style=\"text-align: center\"><span style=\"color: #99cc00\"><strong>EL-Puente<\/strong><\/span><\/h3>\n<p><img loading=\"lazy\" decoding=\"async\" class=\"irc_mi\" src=\"https:\/\/upload.wikimedia.org\/wikipedia\/commons\/4\/4e\/Logo_El_Puente.jpg\" alt=\"Bildergebnis f\u00fcr el puente logo\" width=\"182\" height=\"152\" \/><\/p>\n<p>Online-Shop f\u00fcr den Import und Vertrieb fair gehandelter Produkte. Mit der Zustimmung von el-puente ist unser Webshop enstanden. Wir d\u00fcrfen uns dort Bildmaterialien, Produktbeschreibungen und Anregungen holen. Sie finden die Webseiten von el-puente unter folgender URL: <a href=\"http:\/\/www.el-puente.de\" target=\"_blank\" rel=\"noopener\">http:\/\/www.el-puente.de<\/a>.<\/p>\n<h3 style=\"text-align: center\"><strong><span style=\"color: #ff0000\">Rewe Markt GmbH<\/span> &amp;<span style=\"color: #339966\"> F\u00fcllhorn GmbH<\/span><\/strong><\/h3>\n<p><img loading=\"lazy\" decoding=\"async\" src=\"http:\/\/www.springer-schule.de\/systemdateien\/grafiken\/Schulpartner_Logos\/REWE.jpg\" alt=\"Rewe\" width=\"256\" height=\"130\" \/>\u00a0 <img loading=\"lazy\" decoding=\"async\" class=\"alignnone\" src=\"http:\/\/www.springer-schule.de\/systemdateien\/grafiken\/Schulpartner_Logos\/Fuellhorn.JPG\" alt=\"1\" width=\"263\" height=\"124\" \/><\/p>\n<p>Die Rewe-Zentrale in Wiesloch und der <a href=\"http:\/\/www.fuellhorn-biomarkt.de\/unsere-biomaerkte\/fuellhorn-heidelberg-handschuhsheim.html\">Bio_Markt F\u00fcllhorn aus Heidelberg <\/a>unterst\u00fctzen unsere \u00dcbungsfirma Biotopia GmbH als Patenfirmen. Dabei beraten sie die Sch\u00fcler in Sortimentsfragen, bieten Produktschulungen und gew\u00e4hren bei Betriebsbesichtigungen Einblicke in die reale Gesch\u00e4ftswelt. F\u00fcr die Teilnahme an \u00dcbungsfirmenmessen stellen die Unternehmen Produktproben, Plakate und Displaymaterial zur Verf\u00fcgung.<\/p>\n","protected":false},"excerpt":{"rendered":"<p>Eine \u00dcbungsfirma ben\u00f6tigt Partner aus dem realen Wirtschaftsleben. Unsere \u00dcbungsfirma handelt mit Bio-Produkten und Fair-Trade-Artikenl. Zudem m\u00f6chten wir unseren Sch\u00fclerinnen und Sch\u00fclern einen Einblick hinter die Kulissen des Einzel- und Gro\u00dfhandels bieten. Folgende Unternehmen unterst\u00fctzen uns bei unserem Bildungsauftrage: EL-Puente Online-Shop f\u00fcr den Import und Vertrieb fair gehandelter Produkte. Mit der Zustimmung von el-puente ist [&hellip;]<\/p>\n","protected":false},"author":7,"featured_media":0,"parent":0,"menu_order":4,"comment_status":"closed","ping_status":"closed","template":"","meta":{"footnotes":""},"class_list":["post-95","page","type-page","status-publish","hentry"],"_links":{"self":[{"href":"https:\/\/biotopia.springer.schule\/index.php?rest_route=\/wp\/v2\/pages\/95","targetHints":{"allow":["GET"]}}],"collection":[{"href":"https:\/\/biotopia.springer.schule\/index.php?rest_route=\/wp\/v2\/pages"}],"about":[{"href":"https:\/\/biotopia.springer.schule\/index.php?rest_route=\/wp\/v2\/types\/page"}],"author":[{"embeddable":true,"href":"https:\/\/biotopia.springer.schule\/index.php?rest_route=\/wp\/v2\/users\/7"}],"replies":[{"embeddable":true,"href":"https:\/\/biotopia.springer.schule\/index.php?rest_route=%2Fwp%2Fv2%2Fcomments&post=95"}],"version-history":[{"count":3,"href":"https:\/\/biotopia.springer.schule\/index.php?rest_route=\/wp\/v2\/pages\/95\/revisions"}],"predecessor-version":[{"id":2635,"href":"https:\/\/biotopia.springer.schule\/index.php?rest_route=\/wp\/v2\/pages\/95\/revisions\/2635"}],"wp:attachment":[{"href":"https:\/\/biotopia.springer.schule\/index.php?rest_route=%2Fwp%2Fv2%2Fmedia&parent=95"}],"curies":[{"name":"wp","href":"https:\/\/api.w.org\/{rel}","templated":true}]}}