{"id":110,"date":"2016-01-19T14:36:22","date_gmt":"2016-01-19T13:36:22","guid":{"rendered":"http:\/\/biotopia.springer-uefa.de\/?post_type=product&#038;p=110"},"modified":"2017-01-10T08:47:41","modified_gmt":"2017-01-10T07:47:41","slug":"bionatyr-mildes-pflegeshampoo","status":"publish","type":"product","link":"https:\/\/biotopia.springer.schule\/?product=bionatyr-mildes-pflegeshampoo","title":{"rendered":"BioNatyr Pflegeshampoo"},"content":{"rendered":"<p>Mildes Pflegeshampoo mit Aloe Vera f\u00fcr die t\u00e4gliche Anwendung bei anspruchsvollem Haar. Die pflanzlichen Wirkstoffe der W\u00fcstenlilie pflegen, regenerieren und sch\u00fctzen Haar und Kopfhaut.<\/p>\n<p><b>\u00d6KO-TEST<\/b> Bestnote im Magazin August 2012<\/p>\n","protected":false},"excerpt":{"rendered":"<p>mit Aloe Vera, 200 ml, (inkl. 19% MwSt.)<\/p>\n<p>Produktpartner: http:\/\/www.el-puente.de\/<\/p>\n","protected":false},"featured_media":111,"comment_status":"closed","ping_status":"closed","template":"","meta":[],"product_brand":[],"product_cat":[10],"product_tag":[],"class_list":{"0":"post-110","1":"product","2":"type-product","3":"status-publish","4":"has-post-thumbnail","6":"product_cat-kosmetik","8":"first","9":"instock","10":"taxable","11":"shipping-taxable","12":"purchasable","13":"product-type-simple"},"_links":{"self":[{"href":"https:\/\/biotopia.springer.schule\/index.php?rest_route=\/wp\/v2\/product\/110","targetHints":{"allow":["GET"]}}],"collection":[{"href":"https:\/\/biotopia.springer.schule\/index.php?rest_route=\/wp\/v2\/product"}],"about":[{"href":"https:\/\/biotopia.springer.schule\/index.php?rest_route=\/wp\/v2\/types\/product"}],"replies":[{"embeddable":true,"href":"https:\/\/biotopia.springer.schule\/index.php?rest_route=%2Fwp%2Fv2%2Fcomments&post=110"}],"wp:featuredmedia":[{"embeddable":true,"href":"https:\/\/biotopia.springer.schule\/index.php?rest_route=\/wp\/v2\/media\/111"}],"wp:attachment":[{"href":"https:\/\/biotopia.springer.schule\/index.php?rest_route=%2Fwp%2Fv2%2Fmedia&parent=110"}],"wp:term":[{"taxonomy":"product_brand","embeddable":true,"href":"https:\/\/biotopia.springer.schule\/index.php?rest_route=%2Fwp%2Fv2%2Fproduct_brand&post=110"},{"taxonomy":"product_cat","embeddable":true,"href":"https:\/\/biotopia.springer.schule\/index.php?rest_route=%2Fwp%2Fv2%2Fproduct_cat&post=110"},{"taxonomy":"product_tag","embeddable":true,"href":"https:\/\/biotopia.springer.schule\/index.php?rest_route=%2Fwp%2Fv2%2Fproduct_tag&post=110"}],"curies":[{"name":"wp","href":"https:\/\/api.w.org\/{rel}","templated":true}]}}