{"id":169,"date":"2016-01-26T12:19:01","date_gmt":"2016-01-26T11:19:01","guid":{"rendered":"http:\/\/biotopia.springer-uefa.de\/?post_type=product&#038;p=169"},"modified":"2022-12-13T10:09:25","modified_gmt":"2022-12-13T09:09:25","slug":"bionatyr-handcreme","status":"publish","type":"product","link":"https:\/\/biotopia.springer.schule\/?product=bionatyr-handcreme","title":{"rendered":"BioNatyr Handcreme"},"content":{"rendered":"<p>Feuchtigkeitsspendende, geschmeidige Handcreme, sie besteht aus einer Mischung von Honig und Aloe Vera. Der leichte Duft von Orangenbl\u00fcte belebt Haut und Sinne.<\/p>\n<p><b> Das international g\u00fcltige G\u00fctezeichen f\u00fcr Naturkosmetik &#8222;NATRUE&#8220; best\u00e4tigt die nat\u00fcrlichen Inhaltsstoffe der Pflegeprodukte von BioNatyr.<\/b><\/p>\n","protected":false},"excerpt":{"rendered":"<p>mit Aloe Vera und Sheabutter, 100 ml, (inkl. 19% MwSt.)<\/p>\n<p>Produktpartner: http:\/\/www.el-puente.de\/<\/p>\n","protected":false},"featured_media":170,"comment_status":"closed","ping_status":"closed","template":"","meta":[],"product_brand":[],"product_cat":[10],"product_tag":[],"class_list":{"0":"post-169","1":"product","2":"type-product","3":"status-publish","4":"has-post-thumbnail","6":"product_cat-kosmetik","8":"first","9":"instock","10":"taxable","11":"shipping-taxable","12":"purchasable","13":"product-type-simple"},"_links":{"self":[{"href":"https:\/\/biotopia.springer.schule\/index.php?rest_route=\/wp\/v2\/product\/169","targetHints":{"allow":["GET"]}}],"collection":[{"href":"https:\/\/biotopia.springer.schule\/index.php?rest_route=\/wp\/v2\/product"}],"about":[{"href":"https:\/\/biotopia.springer.schule\/index.php?rest_route=\/wp\/v2\/types\/product"}],"replies":[{"embeddable":true,"href":"https:\/\/biotopia.springer.schule\/index.php?rest_route=%2Fwp%2Fv2%2Fcomments&post=169"}],"wp:featuredmedia":[{"embeddable":true,"href":"https:\/\/biotopia.springer.schule\/index.php?rest_route=\/wp\/v2\/media\/170"}],"wp:attachment":[{"href":"https:\/\/biotopia.springer.schule\/index.php?rest_route=%2Fwp%2Fv2%2Fmedia&parent=169"}],"wp:term":[{"taxonomy":"product_brand","embeddable":true,"href":"https:\/\/biotopia.springer.schule\/index.php?rest_route=%2Fwp%2Fv2%2Fproduct_brand&post=169"},{"taxonomy":"product_cat","embeddable":true,"href":"https:\/\/biotopia.springer.schule\/index.php?rest_route=%2Fwp%2Fv2%2Fproduct_cat&post=169"},{"taxonomy":"product_tag","embeddable":true,"href":"https:\/\/biotopia.springer.schule\/index.php?rest_route=%2Fwp%2Fv2%2Fproduct_tag&post=169"}],"curies":[{"name":"wp","href":"https:\/\/api.w.org\/{rel}","templated":true}]}}