{"id":1700,"date":"2021-06-22T09:18:34","date_gmt":"2021-06-22T07:18:34","guid":{"rendered":"https:\/\/biotopia.springer.schule\/?post_type=product&#038;p=1700"},"modified":"2023-01-17T10:04:07","modified_gmt":"2023-01-17T09:04:07","slug":"solar-musikbox","status":"publish","type":"product","link":"https:\/\/biotopia.springer.schule\/?product=solar-musikbox","title":{"rendered":"Solar-Musikbox"},"content":{"rendered":"<p>Die Solar-Musikbox kann nicht nur mit Sonne und ohne Strom aufgeladen werden, sie kann zugleich als Powerbank genutzt werden. Sie hat eine au\u00dfergew\u00f6hnlich lange Akkulaufzeit von 60 Minuten und ist zus\u00e4tzlich wasserspritzgesch\u00fctzt.<\/p>\n","protected":false},"excerpt":{"rendered":"<p>Solar aufladbare Musikbox, welche wasserdicht ist und 60 Stunden Akkulaufzeit hat. Au\u00dferdem ist sie spritzwassergesch\u00fctzt und kann als Powerbank genutzt werden.<\/p>\n","protected":false},"featured_media":1701,"comment_status":"closed","ping_status":"closed","template":"","meta":[],"product_brand":[],"product_cat":[24],"product_tag":[],"class_list":{"0":"post-1700","1":"product","2":"type-product","3":"status-publish","4":"has-post-thumbnail","6":"product_cat-unkategorisiert","8":"first","9":"instock","10":"purchasable","11":"product-type-simple"},"_links":{"self":[{"href":"https:\/\/biotopia.springer.schule\/index.php?rest_route=\/wp\/v2\/product\/1700","targetHints":{"allow":["GET"]}}],"collection":[{"href":"https:\/\/biotopia.springer.schule\/index.php?rest_route=\/wp\/v2\/product"}],"about":[{"href":"https:\/\/biotopia.springer.schule\/index.php?rest_route=\/wp\/v2\/types\/product"}],"replies":[{"embeddable":true,"href":"https:\/\/biotopia.springer.schule\/index.php?rest_route=%2Fwp%2Fv2%2Fcomments&post=1700"}],"wp:featuredmedia":[{"embeddable":true,"href":"https:\/\/biotopia.springer.schule\/index.php?rest_route=\/wp\/v2\/media\/1701"}],"wp:attachment":[{"href":"https:\/\/biotopia.springer.schule\/index.php?rest_route=%2Fwp%2Fv2%2Fmedia&parent=1700"}],"wp:term":[{"taxonomy":"product_brand","embeddable":true,"href":"https:\/\/biotopia.springer.schule\/index.php?rest_route=%2Fwp%2Fv2%2Fproduct_brand&post=1700"},{"taxonomy":"product_cat","embeddable":true,"href":"https:\/\/biotopia.springer.schule\/index.php?rest_route=%2Fwp%2Fv2%2Fproduct_cat&post=1700"},{"taxonomy":"product_tag","embeddable":true,"href":"https:\/\/biotopia.springer.schule\/index.php?rest_route=%2Fwp%2Fv2%2Fproduct_tag&post=1700"}],"curies":[{"name":"wp","href":"https:\/\/api.w.org\/{rel}","templated":true}]}}