{"id":171,"date":"2016-01-26T12:21:54","date_gmt":"2016-01-26T11:21:54","guid":{"rendered":"http:\/\/biotopia.springer-uefa.de\/?post_type=product&#038;p=171"},"modified":"2017-01-10T08:46:08","modified_gmt":"2017-01-10T07:46:08","slug":"bionatyr-bodylotion-mit-arganoel","status":"publish","type":"product","link":"https:\/\/biotopia.springer.schule\/?product=bionatyr-bodylotion-mit-arganoel","title":{"rendered":"BioNatyr Bodylotion mit Argan\u00f6l"},"content":{"rendered":"<p>Reichhaltige Bodylotion, ideal zur Pflege trockener Haut. Die wertvolle Komposition aus Argan\u00f6l und Sheabutter versorgt die Haut mit Feuchtigkeit. Das durchblutungsf\u00f6rdernde Argan\u00f6l strafft die Haut. Die Bodylotion hinterl\u00e4sst ein angenehm geschmeidiges Hautgef\u00fchl.<\/p>\n<p><b> Das international g\u00fcltige G\u00fctezeichen f\u00fcr Naturkosmetik &#8222;NATRUE&#8220; best\u00e4tigt die nat\u00fcrlichen Inhaltsstoffe der Pflegeprodukte von BioNatyr.<\/b><\/p>\n","protected":false},"excerpt":{"rendered":"<p>aus Marokko 200 ml, (inkl. 19% MwSt.)<\/p>\n<p>Produktpartner: http:\/\/www.el-puente.de\/<\/p>\n","protected":false},"featured_media":174,"comment_status":"closed","ping_status":"closed","template":"","meta":[],"product_brand":[],"product_cat":[10],"product_tag":[],"class_list":{"0":"post-171","1":"product","2":"type-product","3":"status-publish","4":"has-post-thumbnail","6":"product_cat-kosmetik","8":"first","9":"instock","10":"taxable","11":"shipping-taxable","12":"purchasable","13":"product-type-simple"},"_links":{"self":[{"href":"https:\/\/biotopia.springer.schule\/index.php?rest_route=\/wp\/v2\/product\/171","targetHints":{"allow":["GET"]}}],"collection":[{"href":"https:\/\/biotopia.springer.schule\/index.php?rest_route=\/wp\/v2\/product"}],"about":[{"href":"https:\/\/biotopia.springer.schule\/index.php?rest_route=\/wp\/v2\/types\/product"}],"replies":[{"embeddable":true,"href":"https:\/\/biotopia.springer.schule\/index.php?rest_route=%2Fwp%2Fv2%2Fcomments&post=171"}],"wp:featuredmedia":[{"embeddable":true,"href":"https:\/\/biotopia.springer.schule\/index.php?rest_route=\/wp\/v2\/media\/174"}],"wp:attachment":[{"href":"https:\/\/biotopia.springer.schule\/index.php?rest_route=%2Fwp%2Fv2%2Fmedia&parent=171"}],"wp:term":[{"taxonomy":"product_brand","embeddable":true,"href":"https:\/\/biotopia.springer.schule\/index.php?rest_route=%2Fwp%2Fv2%2Fproduct_brand&post=171"},{"taxonomy":"product_cat","embeddable":true,"href":"https:\/\/biotopia.springer.schule\/index.php?rest_route=%2Fwp%2Fv2%2Fproduct_cat&post=171"},{"taxonomy":"product_tag","embeddable":true,"href":"https:\/\/biotopia.springer.schule\/index.php?rest_route=%2Fwp%2Fv2%2Fproduct_tag&post=171"}],"curies":[{"name":"wp","href":"https:\/\/api.w.org\/{rel}","templated":true}]}}