{"id":175,"date":"2016-01-26T12:24:35","date_gmt":"2016-01-26T11:24:35","guid":{"rendered":"http:\/\/biotopia.springer-uefa.de\/?post_type=product&#038;p=175"},"modified":"2019-01-22T10:30:07","modified_gmt":"2019-01-22T09:30:07","slug":"bionatyr-wellness-set-marokko","status":"publish","type":"product","link":"https:\/\/biotopia.springer.schule\/?product=bionatyr-wellness-set-marokko","title":{"rendered":"BioNatyr Wellness-Set Marokko"},"content":{"rendered":"<p>Attraktives Geschenkset bestehend aus:<\/p>\n<p><b>BioNatyr Duschbad<\/b><br \/>\nMarokkanisches Duschbad f\u00fcr samtweiche Hautpflege. Mit Argan\u00f6l angereichert sch\u00fctzt es die Haut vorm Austrocknen und macht diese geschmeidig. Die orientalischen Duftstoffe verzaubern ihre Sinne. Zur Anwendung das \u00d6l auf der nassen Haut verteilen, einmassieren und absp\u00fclen.<\/p>\n<p><b>BioNatyr Bodylotion<\/b><br \/>\nReichhaltige Bodylotion, ideal zur Pflege trockener Haut. Die wertvolle Komposition aus Argan\u00f6l und Sheabutter versorgt die Haut mit Feuchtigkeit. Das durchblutungsf\u00f6rdernde Argan\u00f6l strafft die Haut. Die Bodylotion hinterl\u00e4sst ein angenehm geschmeidiges Hautgef\u00fchl.<\/p>\n<p><b> Das international g\u00fcltige G\u00fctezeichen f\u00fcr Naturkosmetik &#8222;NATRUE&#8220; best\u00e4tigt die nat\u00fcrlichen Inhaltsstoffe der Pflegeprodukte von BioNatyr.<\/b><\/p>\n","protected":false},"excerpt":{"rendered":"<p>Duschbad 250 ml &amp; Bodylotion 200 ml, mit Argan\u00f6l, (inkl. 19% MwSt.)<\/p>\n<p>Produktpartner: http:\/\/www.el-puente.de\/<\/p>\n","protected":false},"featured_media":176,"comment_status":"closed","ping_status":"closed","template":"","meta":[],"product_brand":[],"product_cat":[10],"product_tag":[],"class_list":{"0":"post-175","1":"product","2":"type-product","3":"status-publish","4":"has-post-thumbnail","6":"product_cat-kosmetik","8":"first","9":"instock","10":"taxable","11":"shipping-taxable","12":"purchasable","13":"product-type-simple"},"_links":{"self":[{"href":"https:\/\/biotopia.springer.schule\/index.php?rest_route=\/wp\/v2\/product\/175","targetHints":{"allow":["GET"]}}],"collection":[{"href":"https:\/\/biotopia.springer.schule\/index.php?rest_route=\/wp\/v2\/product"}],"about":[{"href":"https:\/\/biotopia.springer.schule\/index.php?rest_route=\/wp\/v2\/types\/product"}],"replies":[{"embeddable":true,"href":"https:\/\/biotopia.springer.schule\/index.php?rest_route=%2Fwp%2Fv2%2Fcomments&post=175"}],"wp:featuredmedia":[{"embeddable":true,"href":"https:\/\/biotopia.springer.schule\/index.php?rest_route=\/wp\/v2\/media\/176"}],"wp:attachment":[{"href":"https:\/\/biotopia.springer.schule\/index.php?rest_route=%2Fwp%2Fv2%2Fmedia&parent=175"}],"wp:term":[{"taxonomy":"product_brand","embeddable":true,"href":"https:\/\/biotopia.springer.schule\/index.php?rest_route=%2Fwp%2Fv2%2Fproduct_brand&post=175"},{"taxonomy":"product_cat","embeddable":true,"href":"https:\/\/biotopia.springer.schule\/index.php?rest_route=%2Fwp%2Fv2%2Fproduct_cat&post=175"},{"taxonomy":"product_tag","embeddable":true,"href":"https:\/\/biotopia.springer.schule\/index.php?rest_route=%2Fwp%2Fv2%2Fproduct_tag&post=175"}],"curies":[{"name":"wp","href":"https:\/\/api.w.org\/{rel}","templated":true}]}}