{"id":1933,"date":"2022-02-01T13:56:27","date_gmt":"2022-02-01T12:56:27","guid":{"rendered":"https:\/\/biotopia.springer.schule\/?post_type=product&#038;p=1933"},"modified":"2022-03-08T11:03:51","modified_gmt":"2022-03-08T10:03:51","slug":"straffender-lavendel-aufpolsternde-tagespflege","status":"publish","type":"product","link":"https:\/\/biotopia.springer.schule\/?product=straffender-lavendel-aufpolsternde-tagespflege","title":{"rendered":"Straffender Lavendel aufpolsternde Tagespflege"},"content":{"rendered":"","protected":false},"excerpt":{"rendered":"<p>Sie haben Falten? Ihrer Haut geht so langsam die Straffheit aus? Dann ist unsere Tagespflege das Licht in der Dunkelheit f\u00fcr Sie. Angereichert mit Bio \u2013 Lavendel \u2013 \u00d6l und Hyalurons\u00e4ure atomisiert es jedes noch so kleine F\u00e4ltchen und l\u00e4sst Sie wieder aussehen wie in Ihren besten Jahren!<\/p>\n","protected":false},"featured_media":1935,"comment_status":"closed","ping_status":"closed","template":"","meta":[],"product_brand":[],"product_cat":[10],"product_tag":[],"class_list":{"0":"post-1933","1":"product","2":"type-product","3":"status-publish","4":"has-post-thumbnail","6":"product_cat-kosmetik","8":"first","9":"instock","10":"taxable","11":"shipping-taxable","12":"purchasable","13":"product-type-simple"},"_links":{"self":[{"href":"https:\/\/biotopia.springer.schule\/index.php?rest_route=\/wp\/v2\/product\/1933","targetHints":{"allow":["GET"]}}],"collection":[{"href":"https:\/\/biotopia.springer.schule\/index.php?rest_route=\/wp\/v2\/product"}],"about":[{"href":"https:\/\/biotopia.springer.schule\/index.php?rest_route=\/wp\/v2\/types\/product"}],"replies":[{"embeddable":true,"href":"https:\/\/biotopia.springer.schule\/index.php?rest_route=%2Fwp%2Fv2%2Fcomments&post=1933"}],"wp:featuredmedia":[{"embeddable":true,"href":"https:\/\/biotopia.springer.schule\/index.php?rest_route=\/wp\/v2\/media\/1935"}],"wp:attachment":[{"href":"https:\/\/biotopia.springer.schule\/index.php?rest_route=%2Fwp%2Fv2%2Fmedia&parent=1933"}],"wp:term":[{"taxonomy":"product_brand","embeddable":true,"href":"https:\/\/biotopia.springer.schule\/index.php?rest_route=%2Fwp%2Fv2%2Fproduct_brand&post=1933"},{"taxonomy":"product_cat","embeddable":true,"href":"https:\/\/biotopia.springer.schule\/index.php?rest_route=%2Fwp%2Fv2%2Fproduct_cat&post=1933"},{"taxonomy":"product_tag","embeddable":true,"href":"https:\/\/biotopia.springer.schule\/index.php?rest_route=%2Fwp%2Fv2%2Fproduct_tag&post=1933"}],"curies":[{"name":"wp","href":"https:\/\/api.w.org\/{rel}","templated":true}]}}