{"id":1936,"date":"2022-02-01T14:04:44","date_gmt":"2022-02-01T13:04:44","guid":{"rendered":"https:\/\/biotopia.springer.schule\/?post_type=product&#038;p=1936"},"modified":"2022-12-13T10:17:08","modified_gmt":"2022-12-13T09:17:08","slug":"fluessigseife-bio-limette","status":"publish","type":"product","link":"https:\/\/biotopia.springer.schule\/?product=fluessigseife-bio-limette","title":{"rendered":"Fl\u00fcssigseife Bio-Limette"},"content":{"rendered":"<p>Die fl\u00fcssige Handseife von Biotopia ist super f\u00fcr alle Hauttypen geeignet. Die H\u00e4nde sind gesch\u00fctzt vor dem Austrocknen und werden gleichzeitig gepflegt durch die verschieden erhaltenen Pflanzen\u00f6le.<\/p>\n","protected":false},"excerpt":{"rendered":"<p>Die fl\u00fcssige Handseife von Biotopia hat sich besonders durch ihre Kompatibilit\u00e4t mit allen Hauttypen einen Namen gemacht. Durch die verschiedenen Pflanzen\u00f6le die enthalten sind, wird die Haut auch bei h\u00e4ufigem Waschen vor dem Austrocken gesch\u00fctzt und gepflegt.<\/p>\n","protected":false},"featured_media":2136,"comment_status":"closed","ping_status":"closed","template":"","meta":[],"product_brand":[],"product_cat":[10],"product_tag":[],"class_list":{"0":"post-1936","1":"product","2":"type-product","3":"status-publish","4":"has-post-thumbnail","6":"product_cat-kosmetik","8":"first","9":"instock","10":"taxable","11":"shipping-taxable","12":"purchasable","13":"product-type-simple"},"_links":{"self":[{"href":"https:\/\/biotopia.springer.schule\/index.php?rest_route=\/wp\/v2\/product\/1936","targetHints":{"allow":["GET"]}}],"collection":[{"href":"https:\/\/biotopia.springer.schule\/index.php?rest_route=\/wp\/v2\/product"}],"about":[{"href":"https:\/\/biotopia.springer.schule\/index.php?rest_route=\/wp\/v2\/types\/product"}],"replies":[{"embeddable":true,"href":"https:\/\/biotopia.springer.schule\/index.php?rest_route=%2Fwp%2Fv2%2Fcomments&post=1936"}],"wp:featuredmedia":[{"embeddable":true,"href":"https:\/\/biotopia.springer.schule\/index.php?rest_route=\/wp\/v2\/media\/2136"}],"wp:attachment":[{"href":"https:\/\/biotopia.springer.schule\/index.php?rest_route=%2Fwp%2Fv2%2Fmedia&parent=1936"}],"wp:term":[{"taxonomy":"product_brand","embeddable":true,"href":"https:\/\/biotopia.springer.schule\/index.php?rest_route=%2Fwp%2Fv2%2Fproduct_brand&post=1936"},{"taxonomy":"product_cat","embeddable":true,"href":"https:\/\/biotopia.springer.schule\/index.php?rest_route=%2Fwp%2Fv2%2Fproduct_cat&post=1936"},{"taxonomy":"product_tag","embeddable":true,"href":"https:\/\/biotopia.springer.schule\/index.php?rest_route=%2Fwp%2Fv2%2Fproduct_tag&post=1936"}],"curies":[{"name":"wp","href":"https:\/\/api.w.org\/{rel}","templated":true}]}}