{"id":1941,"date":"2022-02-01T14:30:47","date_gmt":"2022-02-01T13:30:47","guid":{"rendered":"https:\/\/biotopia.springer.schule\/?post_type=product&#038;p=1941"},"modified":"2022-03-08T11:03:08","modified_gmt":"2022-03-08T10:03:08","slug":"naturkosmetik-balance-duschgel","status":"publish","type":"product","link":"https:\/\/biotopia.springer.schule\/?product=naturkosmetik-balance-duschgel","title":{"rendered":"Naturkosmetik Balance Duschgel"},"content":{"rendered":"","protected":false},"excerpt":{"rendered":"<p>Unser Balance Duschgel sorgt f\u00fcr einen perfekt ausgeglichenen pH-Wert f\u00fcr eine gesunde S\u00e4ure-Basen-Balance der Haut. Durch den Zusatz von Bio-Aloe Vera wird die Haut schon w\u00e4hrend dem Duschen vor dem Austrocknen gesch\u00fctzt!<\/p>\n","protected":false},"featured_media":1942,"comment_status":"closed","ping_status":"closed","template":"","meta":[],"product_brand":[],"product_cat":[10],"product_tag":[],"class_list":{"0":"post-1941","1":"product","2":"type-product","3":"status-publish","4":"has-post-thumbnail","6":"product_cat-kosmetik","8":"first","9":"instock","10":"taxable","11":"shipping-taxable","12":"purchasable","13":"product-type-simple"},"_links":{"self":[{"href":"https:\/\/biotopia.springer.schule\/index.php?rest_route=\/wp\/v2\/product\/1941","targetHints":{"allow":["GET"]}}],"collection":[{"href":"https:\/\/biotopia.springer.schule\/index.php?rest_route=\/wp\/v2\/product"}],"about":[{"href":"https:\/\/biotopia.springer.schule\/index.php?rest_route=\/wp\/v2\/types\/product"}],"replies":[{"embeddable":true,"href":"https:\/\/biotopia.springer.schule\/index.php?rest_route=%2Fwp%2Fv2%2Fcomments&post=1941"}],"wp:featuredmedia":[{"embeddable":true,"href":"https:\/\/biotopia.springer.schule\/index.php?rest_route=\/wp\/v2\/media\/1942"}],"wp:attachment":[{"href":"https:\/\/biotopia.springer.schule\/index.php?rest_route=%2Fwp%2Fv2%2Fmedia&parent=1941"}],"wp:term":[{"taxonomy":"product_brand","embeddable":true,"href":"https:\/\/biotopia.springer.schule\/index.php?rest_route=%2Fwp%2Fv2%2Fproduct_brand&post=1941"},{"taxonomy":"product_cat","embeddable":true,"href":"https:\/\/biotopia.springer.schule\/index.php?rest_route=%2Fwp%2Fv2%2Fproduct_cat&post=1941"},{"taxonomy":"product_tag","embeddable":true,"href":"https:\/\/biotopia.springer.schule\/index.php?rest_route=%2Fwp%2Fv2%2Fproduct_tag&post=1941"}],"curies":[{"name":"wp","href":"https:\/\/api.w.org\/{rel}","templated":true}]}}