{"id":227,"date":"2016-02-02T15:28:04","date_gmt":"2016-02-02T14:28:04","guid":{"rendered":"http:\/\/biotopia.springer-uefa.de\/?post_type=product&#038;p=227"},"modified":"2022-12-13T10:19:51","modified_gmt":"2022-12-13T09:19:51","slug":"holzhuelle-fuer-fairphone","status":"publish","type":"product","link":"https:\/\/biotopia.springer.schule\/?product=holzhuelle-fuer-fairphone","title":{"rendered":"Holzh\u00fclle f\u00fcr Fairphone"},"content":{"rendered":"<p>Super nachhaltig, unsere Schutzh\u00fclle, die aus biologischem Holz hergestellt wurde.<\/p>\n","protected":false},"excerpt":{"rendered":"<p>(inkl. 19% MwSt.)<\/p>\n","protected":false},"featured_media":228,"comment_status":"closed","ping_status":"closed","template":"","meta":[],"product_brand":[],"product_cat":[24],"product_tag":[],"class_list":{"0":"post-227","1":"product","2":"type-product","3":"status-publish","4":"has-post-thumbnail","6":"product_cat-unkategorisiert","8":"first","9":"instock","10":"taxable","11":"shipping-taxable","12":"purchasable","13":"product-type-simple"},"_links":{"self":[{"href":"https:\/\/biotopia.springer.schule\/index.php?rest_route=\/wp\/v2\/product\/227","targetHints":{"allow":["GET"]}}],"collection":[{"href":"https:\/\/biotopia.springer.schule\/index.php?rest_route=\/wp\/v2\/product"}],"about":[{"href":"https:\/\/biotopia.springer.schule\/index.php?rest_route=\/wp\/v2\/types\/product"}],"replies":[{"embeddable":true,"href":"https:\/\/biotopia.springer.schule\/index.php?rest_route=%2Fwp%2Fv2%2Fcomments&post=227"}],"wp:featuredmedia":[{"embeddable":true,"href":"https:\/\/biotopia.springer.schule\/index.php?rest_route=\/wp\/v2\/media\/228"}],"wp:attachment":[{"href":"https:\/\/biotopia.springer.schule\/index.php?rest_route=%2Fwp%2Fv2%2Fmedia&parent=227"}],"wp:term":[{"taxonomy":"product_brand","embeddable":true,"href":"https:\/\/biotopia.springer.schule\/index.php?rest_route=%2Fwp%2Fv2%2Fproduct_brand&post=227"},{"taxonomy":"product_cat","embeddable":true,"href":"https:\/\/biotopia.springer.schule\/index.php?rest_route=%2Fwp%2Fv2%2Fproduct_cat&post=227"},{"taxonomy":"product_tag","embeddable":true,"href":"https:\/\/biotopia.springer.schule\/index.php?rest_route=%2Fwp%2Fv2%2Fproduct_tag&post=227"}],"curies":[{"name":"wp","href":"https:\/\/api.w.org\/{rel}","templated":true}]}}