{"id":229,"date":"2016-02-02T15:30:48","date_gmt":"2016-02-02T14:30:48","guid":{"rendered":"http:\/\/biotopia.springer-uefa.de\/?post_type=product&#038;p=229"},"modified":"2022-12-13T10:28:38","modified_gmt":"2022-12-13T09:28:38","slug":"solarpowerbank","status":"publish","type":"product","link":"https:\/\/biotopia.springer.schule\/?product=solarpowerbank","title":{"rendered":"Solar-Powerbank"},"content":{"rendered":"<p>Sie wollten schon immer eine Powerbank,die Sie auch ohne Strom nutzen k\u00f6nnen, dann ist die Solarpowerbank genau das richtige f\u00fcr Sie. Sie sparen Geld,da Sie kein Storm ben\u00f6tigen und zugleich tuen sie der Umwelt gutes.<\/p>\n","protected":false},"excerpt":{"rendered":"<p>(inkl. 19% MwSt.)<\/p>\n","protected":false},"featured_media":230,"comment_status":"closed","ping_status":"closed","template":"","meta":[],"product_brand":[],"product_cat":[24],"product_tag":[],"class_list":{"0":"post-229","1":"product","2":"type-product","3":"status-publish","4":"has-post-thumbnail","6":"product_cat-unkategorisiert","8":"first","9":"instock","10":"taxable","11":"shipping-taxable","12":"purchasable","13":"product-type-simple"},"_links":{"self":[{"href":"https:\/\/biotopia.springer.schule\/index.php?rest_route=\/wp\/v2\/product\/229","targetHints":{"allow":["GET"]}}],"collection":[{"href":"https:\/\/biotopia.springer.schule\/index.php?rest_route=\/wp\/v2\/product"}],"about":[{"href":"https:\/\/biotopia.springer.schule\/index.php?rest_route=\/wp\/v2\/types\/product"}],"replies":[{"embeddable":true,"href":"https:\/\/biotopia.springer.schule\/index.php?rest_route=%2Fwp%2Fv2%2Fcomments&post=229"}],"wp:featuredmedia":[{"embeddable":true,"href":"https:\/\/biotopia.springer.schule\/index.php?rest_route=\/wp\/v2\/media\/230"}],"wp:attachment":[{"href":"https:\/\/biotopia.springer.schule\/index.php?rest_route=%2Fwp%2Fv2%2Fmedia&parent=229"}],"wp:term":[{"taxonomy":"product_brand","embeddable":true,"href":"https:\/\/biotopia.springer.schule\/index.php?rest_route=%2Fwp%2Fv2%2Fproduct_brand&post=229"},{"taxonomy":"product_cat","embeddable":true,"href":"https:\/\/biotopia.springer.schule\/index.php?rest_route=%2Fwp%2Fv2%2Fproduct_cat&post=229"},{"taxonomy":"product_tag","embeddable":true,"href":"https:\/\/biotopia.springer.schule\/index.php?rest_route=%2Fwp%2Fv2%2Fproduct_tag&post=229"}],"curies":[{"name":"wp","href":"https:\/\/api.w.org\/{rel}","templated":true}]}}