{"id":2923,"date":"2026-04-21T09:01:24","date_gmt":"2026-04-21T07:01:24","guid":{"rendered":"https:\/\/biotopia.springer.schule\/?post_type=product&#038;p=2923"},"modified":"2026-04-21T09:01:24","modified_gmt":"2026-04-21T07:01:24","slug":"bio-g","status":"publish","type":"product","link":"https:\/\/biotopia.springer.schule\/?product=bio-g","title":{"rendered":"Bio G"},"content":{"rendered":"<p data-start=\"0\" data-end=\"422\">Der Bio-Kirsch Energy Drink vereint nat\u00fcrliche Energie mit fruchtig-frischem Geschmack\u00a0 ganz ohne k\u00fcnstliche Zus\u00e4tze. Hergestellt aus 100 % nat\u00fcrlichen Zutaten, liefert er dir genau den Kick, den du im Alltag, beim Sport oder unterwegs brauchst. Der belebende Kirschgeschmack sorgt f\u00fcr ein erfrischendes Trinkerlebnis, w\u00e4hrend die sorgf\u00e4ltig ausgew\u00e4hlten Inhaltsstoffe deinem K\u00f6rper auf nat\u00fcrliche Weise Energie schenken. Dank des Verzichts auf zugesetzten Zucker ist dieser Energy Drink die ideale Wahl f\u00fcr alle, die bewusst genie\u00dfen m\u00f6chten, ohne auf Wirkung zu verzichten. Nachhaltig produziert und voller nat\u00fcrlicher Kraft ist er dein perfekter Begleiter f\u00fcr jede Situation, in der du einen Energieschub brauchst.<\/p>\n<p data-start=\"721\" data-end=\"775\" data-is-last-node=\"\" data-is-only-node=\"\">Jetzt probieren und die Energie der Natur neu erleben!<\/p>\n","protected":false},"excerpt":{"rendered":"<p>Der Bio-Kirsch Energy Drink vereint nat\u00fcrliche Energie mit fruchtig-frischem Geschmack\u00a0 ganz ohne k\u00fcnstliche Zus\u00e4tze. Hergestellt aus 100 % nat\u00fcrlichen Zutaten, liefert er dir genau den Kick, den du im Alltag, beim Sport oder unterwegs brauchst. Der belebende Kirschgeschmack sorgt f\u00fcr ein erfrischendes Trinkerlebnis, w\u00e4hrend die sorgf\u00e4ltig ausgew\u00e4hlten Inhaltsstoffe deinem K\u00f6rper auf nat\u00fcrliche Weise Energie schenken. [&hellip;]<\/p>\n","protected":false},"featured_media":2915,"comment_status":"closed","ping_status":"closed","template":"","meta":[],"product_brand":[],"product_cat":[8],"product_tag":[],"class_list":{"0":"post-2923","1":"product","2":"type-product","3":"status-publish","4":"has-post-thumbnail","6":"product_cat-getraenke","8":"first","9":"instock","10":"taxable","11":"shipping-taxable","12":"purchasable","13":"product-type-simple"},"_links":{"self":[{"href":"https:\/\/biotopia.springer.schule\/index.php?rest_route=\/wp\/v2\/product\/2923","targetHints":{"allow":["GET"]}}],"collection":[{"href":"https:\/\/biotopia.springer.schule\/index.php?rest_route=\/wp\/v2\/product"}],"about":[{"href":"https:\/\/biotopia.springer.schule\/index.php?rest_route=\/wp\/v2\/types\/product"}],"replies":[{"embeddable":true,"href":"https:\/\/biotopia.springer.schule\/index.php?rest_route=%2Fwp%2Fv2%2Fcomments&post=2923"}],"wp:featuredmedia":[{"embeddable":true,"href":"https:\/\/biotopia.springer.schule\/index.php?rest_route=\/wp\/v2\/media\/2915"}],"wp:attachment":[{"href":"https:\/\/biotopia.springer.schule\/index.php?rest_route=%2Fwp%2Fv2%2Fmedia&parent=2923"}],"wp:term":[{"taxonomy":"product_brand","embeddable":true,"href":"https:\/\/biotopia.springer.schule\/index.php?rest_route=%2Fwp%2Fv2%2Fproduct_brand&post=2923"},{"taxonomy":"product_cat","embeddable":true,"href":"https:\/\/biotopia.springer.schule\/index.php?rest_route=%2Fwp%2Fv2%2Fproduct_cat&post=2923"},{"taxonomy":"product_tag","embeddable":true,"href":"https:\/\/biotopia.springer.schule\/index.php?rest_route=%2Fwp%2Fv2%2Fproduct_tag&post=2923"}],"curies":[{"name":"wp","href":"https:\/\/api.w.org\/{rel}","templated":true}]}}