{"id":76,"date":"2016-01-18T21:18:07","date_gmt":"2016-01-18T20:18:07","guid":{"rendered":"http:\/\/biotopia.springer-uefa.de\/?post_type=product&#038;p=76"},"modified":"2022-12-13T10:21:46","modified_gmt":"2022-12-13T09:21:46","slug":"kaffee","status":"publish","type":"product","link":"https:\/\/biotopia.springer.schule\/?product=kaffee","title":{"rendered":"Nuevo Futuro Bio-Kaffee"},"content":{"rendered":"<p>Kolumbien z\u00e4hlt zu den weltweit gr\u00f6\u00dften Kaffeeerzeugern f\u00fcr Arabica-Bohnen und ist bekannt f\u00fcr die hohe Qualit\u00e4t.Unser Kolumbien-Kaffee ist mild und bek\u00f6mmlich und bringt eine deutlich fruchtige Note mit, die an Hibiskus erinnert.<\/p>\n","protected":false},"excerpt":{"rendered":"<p>1000 g gemahlen im Aromaschutzbeutel, (inkl. 7% MwSt.)<\/p>\n<p>Produktparnter: <a href=\"http:\/\/www.el-puente.de\/\" target=\"_blank\" rel=\"noopener\">http:\/\/www.el-puente.de\/<\/a><\/p>\n","protected":false},"featured_media":253,"comment_status":"closed","ping_status":"closed","template":"","meta":[],"product_brand":[],"product_cat":[8],"product_tag":[],"class_list":{"0":"post-76","1":"product","2":"type-product","3":"status-publish","4":"has-post-thumbnail","6":"product_cat-getraenke","8":"first","9":"instock","10":"taxable","11":"shipping-taxable","12":"purchasable","13":"product-type-simple"},"_links":{"self":[{"href":"https:\/\/biotopia.springer.schule\/index.php?rest_route=\/wp\/v2\/product\/76","targetHints":{"allow":["GET"]}}],"collection":[{"href":"https:\/\/biotopia.springer.schule\/index.php?rest_route=\/wp\/v2\/product"}],"about":[{"href":"https:\/\/biotopia.springer.schule\/index.php?rest_route=\/wp\/v2\/types\/product"}],"replies":[{"embeddable":true,"href":"https:\/\/biotopia.springer.schule\/index.php?rest_route=%2Fwp%2Fv2%2Fcomments&post=76"}],"wp:featuredmedia":[{"embeddable":true,"href":"https:\/\/biotopia.springer.schule\/index.php?rest_route=\/wp\/v2\/media\/253"}],"wp:attachment":[{"href":"https:\/\/biotopia.springer.schule\/index.php?rest_route=%2Fwp%2Fv2%2Fmedia&parent=76"}],"wp:term":[{"taxonomy":"product_brand","embeddable":true,"href":"https:\/\/biotopia.springer.schule\/index.php?rest_route=%2Fwp%2Fv2%2Fproduct_brand&post=76"},{"taxonomy":"product_cat","embeddable":true,"href":"https:\/\/biotopia.springer.schule\/index.php?rest_route=%2Fwp%2Fv2%2Fproduct_cat&post=76"},{"taxonomy":"product_tag","embeddable":true,"href":"https:\/\/biotopia.springer.schule\/index.php?rest_route=%2Fwp%2Fv2%2Fproduct_tag&post=76"}],"curies":[{"name":"wp","href":"https:\/\/api.w.org\/{rel}","templated":true}]}}